{"id":1243,"date":"2024-12-26T12:17:21","date_gmt":"2024-12-26T11:17:21","guid":{"rendered":"https:\/\/oriaapp.com\/blog\/"},"modified":"2025-01-14T10:45:12","modified_gmt":"2025-01-14T09:45:12","slug":"blog","status":"publish","type":"page","link":"https:\/\/oriaapp.com\/fr\/blog\/","title":{"rendered":"Blog"},"content":{"rendered":"\t\t<div data-elementor-type=\"wp-page\" data-elementor-id=\"1243\" class=\"elementor elementor-1243 elementor-810\" data-elementor-post-type=\"page\">\n\t\t\t\t\t\t<section class=\"elementor-section elementor-top-section elementor-element elementor-element-48e48d3 elementor-section-height-min-height elementor-section-boxed elementor-section-height-default elementor-section-items-middle wpr-particle-no wpr-jarallax-no wpr-parallax-no wpr-sticky-section-no\" data-id=\"48e48d3\" data-element_type=\"section\" data-e-type=\"section\" data-settings=\"{&quot;background_background&quot;:&quot;classic&quot;}\">\n\t\t\t\t\t\t<div class=\"elementor-container elementor-column-gap-no\">\n\t\t\t\t\t<div class=\"elementor-column elementor-col-100 elementor-top-column elementor-element elementor-element-a7b50fc\" data-id=\"a7b50fc\" data-element_type=\"column\" data-e-type=\"column\">\n\t\t\t<div class=\"elementor-widget-wrap elementor-element-populated\">\n\t\t\t\t\t\t<section class=\"elementor-section elementor-inner-section elementor-element elementor-element-e4ea9e1 elementor-section-content-middle elementor-section-boxed elementor-section-height-default elementor-section-height-default wpr-particle-no wpr-jarallax-no wpr-parallax-no wpr-sticky-section-no\" data-id=\"e4ea9e1\" data-element_type=\"section\" data-e-type=\"section\">\n\t\t\t\t\t\t<div class=\"elementor-container elementor-column-gap-no\">\n\t\t\t\t\t<div class=\"elementor-column elementor-col-100 elementor-inner-column elementor-element elementor-element-0557808\" data-id=\"0557808\" data-element_type=\"column\" data-e-type=\"column\">\n\t\t\t<div class=\"elementor-widget-wrap elementor-element-populated\">\n\t\t\t\t\t\t<div class=\"elementor-element elementor-element-8c1714d elementor-widget-tablet__width-initial elementor-widget elementor-widget-heading\" data-id=\"8c1714d\" data-element_type=\"widget\" data-e-type=\"widget\" data-widget_type=\"heading.default\">\n\t\t\t\t<div class=\"elementor-widget-container\">\n\t\t\t\t\t<h2 class=\"elementor-heading-title elementor-size-default\">Blog<\/h2>\t\t\t\t<\/div>\n\t\t\t\t<\/div>\n\t\t\t\t\t<\/div>\n\t\t<\/div>\n\t\t\t\t\t<\/div>\n\t\t<\/section>\n\t\t\t\t<div class=\"elementor-element elementor-element-07c68d1 elementor-widget elementor-widget-elementskit-blog-posts\" data-id=\"07c68d1\" data-element_type=\"widget\" data-e-type=\"widget\" data-widget_type=\"elementskit-blog-posts.default\">\n\t\t\t\t<div class=\"elementor-widget-container\">\n\t\t\t\t\t<div class=\"ekit-wid-con\" >        <div id=\"post-items--07c68d1\" class=\"row post-items\" data-masonry-config=\"true\">\n                    <div class=\"col-lg-4 col-md-6\">\n\n                                    <div class=\"elementskit-post-image-card\">\n                        <div class=\"elementskit-entry-header\">\n                            \n                            \n\t\t\t\t\t\t\t\t\t\t\t\t\t<\/div><!-- .elementskit-entry-header END -->\n\n\t\t\t\t\t\t<div class=\"elementskit-post-body \">\n\t\t\t\t\t\t\t\n\t\t\t\t\t\t\t\t\t\t\t\t\t\t\t\t\t\t\t\t\t\t\t\t\t\n\t\t\t\t\t\t\t\t\n\t\t\t\t\t\t\t\t\t\t\t\t\t\t\t\t\t\t\t\t\t<h2 class=\"entry-title\">\n\t\t\t\t\t<a href=\"https:\/\/oriaapp.com\/fr\/8-choses-a-savoir-sur-le-type-manifeste-dans-human-design\/\">\n\t\t\t\t\t\t8 choses\u2026\t\t\t\t\t<\/a>\n\t\t\t\t<\/h2>\n\t\t\t\t\t\t\t\t\t\t\t\t\t\t\t\t\t\t\t\t\t\t\t\t\t\t\t\t\t\t\t\t\t\t\t\t\t\t\t\t\t\t<p>Int\u00e9ress\u00e9(e) par le Human Design ? Vous avez d\u00e9couvert que vous \u00eates un Manifeste ?\u2026<\/p>\n\t\t\t\t\t\t\t\t\t\t\t\t\t\t\t\t\t\t\t\t\t\t                                                    <\/div><!-- .elementskit-post-body END -->\n                    <\/div>\n                \n            <\/div>\n                    <div class=\"col-lg-4 col-md-6\">\n\n                                    <div class=\"elementskit-post-image-card\">\n                        <div class=\"elementskit-entry-header\">\n                            \n                            \n\t\t\t\t\t\t\t\t\t\t\t\t\t<\/div><!-- .elementskit-entry-header END -->\n\n\t\t\t\t\t\t<div class=\"elementskit-post-body \">\n\t\t\t\t\t\t\t\n\t\t\t\t\t\t\t\t\t\t\t\t\t\t\t\t\t\t\t\t\t\t\t\t\t\n\t\t\t\t\t\t\t\t\n\t\t\t\t\t\t\t\t\t\t\t\t\t\t\t\t\t\t\t\t\t<h2 class=\"entry-title\">\n\t\t\t\t\t<a href=\"https:\/\/oriaapp.com\/fr\/7-things-you-need-to-know-if-youre-a-human-design-generator\/\">\n\t\t\t\t\t\t7 choses\u2026\t\t\t\t\t<\/a>\n\t\t\t\t<\/h2>\n\t\t\t\t\t\t\t\t\t\t\t\t\t\t\t\t\t\t\t\t\t\t\t\t\t\t\t\t\t\t\t\t\t\t\t\t\t\t\t\t\t\t<p>Si vous vous int\u00e9ressez au Human Design et que vous avez d\u00e9couvert que vous \u00eates\u2026<\/p>\n\t\t\t\t\t\t\t\t\t\t\t\t\t\t\t\t\t\t\t\t\t\t                                                    <\/div><!-- .elementskit-post-body END -->\n                    <\/div>\n                \n            <\/div>\n                    <div class=\"col-lg-4 col-md-6\">\n\n                                    <div class=\"elementskit-post-image-card\">\n                        <div class=\"elementskit-entry-header\">\n                            \n                            \n\t\t\t\t\t\t\t\t\t\t\t\t\t<\/div><!-- .elementskit-entry-header END -->\n\n\t\t\t\t\t\t<div class=\"elementskit-post-body \">\n\t\t\t\t\t\t\t\n\t\t\t\t\t\t\t\t\t\t\t\t\t\t\t\t\t\t\t\t\t\t\t\t\t\n\t\t\t\t\t\t\t\t\n\t\t\t\t\t\t\t\t\t\t\t\t\t\t\t\t\t\t\t\t\t<h2 class=\"entry-title\">\n\t\t\t\t\t<a href=\"https:\/\/oriaapp.com\/fr\/what-is-human-design-your-golden-tool\/\">\n\t\t\t\t\t\tQu&rsquo;est-ce que\u2026\t\t\t\t\t<\/a>\n\t\t\t\t<\/h2>\n\t\t\t\t\t\t\t\t\t\t\t\t\t\t\t\t\t\t\t\t\t\t\t\t\t\t\t\t\t\t\t\t\t\t\t\t\t\t\t\t\t\t<p>Avez-vous entendu parler du Human Design ? Vous savez peut-\u00eatre qu&rsquo;il s&rsquo;agit d&rsquo;un puissant outil\u2026<\/p>\n\t\t\t\t\t\t\t\t\t\t\t\t\t\t\t\t\t\t\t\t\t\t                                                    <\/div><!-- .elementskit-post-body END -->\n                    <\/div>\n                \n            <\/div>\n                    <div class=\"col-lg-4 col-md-6\">\n\n                                    <div class=\"elementskit-post-image-card\">\n                        <div class=\"elementskit-entry-header\">\n                            \n                            \n\t\t\t\t\t\t\t\t\t\t\t\t\t<\/div><!-- .elementskit-entry-header END -->\n\n\t\t\t\t\t\t<div class=\"elementskit-post-body \">\n\t\t\t\t\t\t\t\n\t\t\t\t\t\t\t\t\t\t\t\t\t\t\t\t\t\t\t\t\t\t\t\t\t\n\t\t\t\t\t\t\t\t\n\t\t\t\t\t\t\t\t\t\t\t\t\t\t\t\t\t\t\t\t\t<h2 class=\"entry-title\">\n\t\t\t\t\t<a href=\"https:\/\/oriaapp.com\/fr\/free-human-design-test-discover-your-hd-in-less-than-10-minutes\/\">\n\t\t\t\t\t\tTest gratuit\u2026\t\t\t\t\t<\/a>\n\t\t\t\t<\/h2>\n\t\t\t\t\t\t\t\t\t\t\t\t\t\t\t\t\t\t\t\t\t\t\t\t\t\t\t\t\t\t\t\t\t\t\t\t\t\t\t\t\t\t<p>Envie de te plonger dans ton sch\u00e9ma corporel du Design Humain ? Pr\u00eat(e) \u00e0 comprendre\u2026<\/p>\n\t\t\t\t\t\t\t\t\t\t\t\t\t\t\t\t\t\t\t\t\t\t                                                    <\/div><!-- .elementskit-post-body END -->\n                    <\/div>\n                \n            <\/div>\n                <\/div>\n       <\/div>\t\t\t\t<\/div>\n\t\t\t\t<\/div>\n\t\t\t\t\t<\/div>\n\t\t<\/div>\n\t\t\t\t\t<\/div>\n\t\t<\/section>\n\t\t\t\t<\/div>\n\t\t","protected":false},"excerpt":{"rendered":"<p>Blog 8 Things&hellip; Interested in Human Design ? Found out you&rsquo;re a Manifestor ? Here&rsquo;s a quick guide&hellip; 7 things&hellip; If you&rsquo;re into Human Design and found out you&rsquo;re a Generator, this guide is for&hellip; What is&hellip; Have you heard about Human Design? You might know it&rsquo;s a powerful self-awareness tool that&hellip; Free Human&hellip; Want to dive into your Human Design bodygraph ? Ready to understand your unique chart&hellip;<\/p>\n","protected":false},"author":4,"featured_media":0,"parent":0,"menu_order":0,"comment_status":"closed","ping_status":"closed","template":"elementor_header_footer","meta":{"footnotes":""},"class_list":["post-1243","page","type-page","status-publish","hentry"],"yoast_head":"<!-- This site is optimized with the Yoast SEO plugin v27.3 - https:\/\/yoast.com\/product\/yoast-seo-wordpress\/ -->\n<title>Blog - ORIA APP<\/title>\n<meta name=\"robots\" content=\"index, follow, max-snippet:-1, max-image-preview:large, max-video-preview:-1\" \/>\n<link rel=\"canonical\" href=\"https:\/\/oriaapp.com\/fr\/blog\/\" \/>\n<meta property=\"og:locale\" content=\"fr_FR\" \/>\n<meta property=\"og:type\" content=\"article\" \/>\n<meta property=\"og:title\" content=\"Blog - ORIA APP\" \/>\n<meta property=\"og:description\" content=\"Blog 8 Things&hellip; Interested in Human Design ? Found out you&rsquo;re a Manifestor ? Here&rsquo;s a quick guide&hellip; 7 things&hellip; If you&rsquo;re into Human Design and found out you&rsquo;re a Generator, this guide is for&hellip; What is&hellip; Have you heard about Human Design? You might know it&rsquo;s a powerful self-awareness tool that&hellip; Free Human&hellip; Want to dive into your Human Design bodygraph ? Ready to understand your unique chart&hellip;\" \/>\n<meta property=\"og:url\" content=\"https:\/\/oriaapp.com\/fr\/blog\/\" \/>\n<meta property=\"og:site_name\" content=\"ORIA APP\" \/>\n<meta property=\"article:modified_time\" content=\"2025-01-14T09:45:12+00:00\" \/>\n<meta name=\"twitter:card\" content=\"summary_large_image\" \/>\n<script type=\"application\/ld+json\" class=\"yoast-schema-graph\">{\"@context\":\"https:\\\/\\\/schema.org\",\"@graph\":[{\"@type\":\"WebPage\",\"@id\":\"https:\\\/\\\/oriaapp.com\\\/fr\\\/blog\\\/\",\"url\":\"https:\\\/\\\/oriaapp.com\\\/fr\\\/blog\\\/\",\"name\":\"Blog - ORIA APP\",\"isPartOf\":{\"@id\":\"https:\\\/\\\/oriaapp.com\\\/fr\\\/#website\"},\"datePublished\":\"2024-12-26T11:17:21+00:00\",\"dateModified\":\"2025-01-14T09:45:12+00:00\",\"breadcrumb\":{\"@id\":\"https:\\\/\\\/oriaapp.com\\\/fr\\\/blog\\\/#breadcrumb\"},\"inLanguage\":\"fr-FR\",\"potentialAction\":[{\"@type\":\"ReadAction\",\"target\":[\"https:\\\/\\\/oriaapp.com\\\/fr\\\/blog\\\/\"]}]},{\"@type\":\"BreadcrumbList\",\"@id\":\"https:\\\/\\\/oriaapp.com\\\/fr\\\/blog\\\/#breadcrumb\",\"itemListElement\":[{\"@type\":\"ListItem\",\"position\":1,\"name\":\"Home\",\"item\":\"https:\\\/\\\/oriaapp.com\\\/fr\\\/accueil\\\/\"},{\"@type\":\"ListItem\",\"position\":2,\"name\":\"Blog\"}]},{\"@type\":\"WebSite\",\"@id\":\"https:\\\/\\\/oriaapp.com\\\/fr\\\/#website\",\"url\":\"https:\\\/\\\/oriaapp.com\\\/fr\\\/\",\"name\":\"ORIA APP\",\"description\":\"Human Design\",\"publisher\":{\"@id\":\"https:\\\/\\\/oriaapp.com\\\/fr\\\/#organization\"},\"potentialAction\":[{\"@type\":\"SearchAction\",\"target\":{\"@type\":\"EntryPoint\",\"urlTemplate\":\"https:\\\/\\\/oriaapp.com\\\/fr\\\/?s={search_term_string}\"},\"query-input\":{\"@type\":\"PropertyValueSpecification\",\"valueRequired\":true,\"valueName\":\"search_term_string\"}}],\"inLanguage\":\"fr-FR\"},{\"@type\":\"Organization\",\"@id\":\"https:\\\/\\\/oriaapp.com\\\/fr\\\/#organization\",\"name\":\"ORIA APP\",\"url\":\"https:\\\/\\\/oriaapp.com\\\/fr\\\/\",\"logo\":{\"@type\":\"ImageObject\",\"inLanguage\":\"fr-FR\",\"@id\":\"https:\\\/\\\/oriaapp.com\\\/fr\\\/#\\\/schema\\\/logo\\\/image\\\/\",\"url\":\"https:\\\/\\\/oriaapp.com\\\/wp-content\\\/uploads\\\/2024\\\/07\\\/Group_2_1_1-1.webp\",\"contentUrl\":\"https:\\\/\\\/oriaapp.com\\\/wp-content\\\/uploads\\\/2024\\\/07\\\/Group_2_1_1-1.webp\",\"width\":438,\"height\":174,\"caption\":\"ORIA APP\"},\"image\":{\"@id\":\"https:\\\/\\\/oriaapp.com\\\/fr\\\/#\\\/schema\\\/logo\\\/image\\\/\"}}]}<\/script>\n<!-- \/ Yoast SEO plugin. -->","yoast_head_json":{"title":"Blog - ORIA APP","robots":{"index":"index","follow":"follow","max-snippet":"max-snippet:-1","max-image-preview":"max-image-preview:large","max-video-preview":"max-video-preview:-1"},"canonical":"https:\/\/oriaapp.com\/fr\/blog\/","og_locale":"fr_FR","og_type":"article","og_title":"Blog - ORIA APP","og_description":"Blog 8 Things&hellip; Interested in Human Design ? Found out you&rsquo;re a Manifestor ? Here&rsquo;s a quick guide&hellip; 7 things&hellip; If you&rsquo;re into Human Design and found out you&rsquo;re a Generator, this guide is for&hellip; What is&hellip; Have you heard about Human Design? You might know it&rsquo;s a powerful self-awareness tool that&hellip; Free Human&hellip; Want to dive into your Human Design bodygraph ? Ready to understand your unique chart&hellip;","og_url":"https:\/\/oriaapp.com\/fr\/blog\/","og_site_name":"ORIA APP","article_modified_time":"2025-01-14T09:45:12+00:00","twitter_card":"summary_large_image","schema":{"@context":"https:\/\/schema.org","@graph":[{"@type":"WebPage","@id":"https:\/\/oriaapp.com\/fr\/blog\/","url":"https:\/\/oriaapp.com\/fr\/blog\/","name":"Blog - ORIA APP","isPartOf":{"@id":"https:\/\/oriaapp.com\/fr\/#website"},"datePublished":"2024-12-26T11:17:21+00:00","dateModified":"2025-01-14T09:45:12+00:00","breadcrumb":{"@id":"https:\/\/oriaapp.com\/fr\/blog\/#breadcrumb"},"inLanguage":"fr-FR","potentialAction":[{"@type":"ReadAction","target":["https:\/\/oriaapp.com\/fr\/blog\/"]}]},{"@type":"BreadcrumbList","@id":"https:\/\/oriaapp.com\/fr\/blog\/#breadcrumb","itemListElement":[{"@type":"ListItem","position":1,"name":"Home","item":"https:\/\/oriaapp.com\/fr\/accueil\/"},{"@type":"ListItem","position":2,"name":"Blog"}]},{"@type":"WebSite","@id":"https:\/\/oriaapp.com\/fr\/#website","url":"https:\/\/oriaapp.com\/fr\/","name":"ORIA APP","description":"Human Design","publisher":{"@id":"https:\/\/oriaapp.com\/fr\/#organization"},"potentialAction":[{"@type":"SearchAction","target":{"@type":"EntryPoint","urlTemplate":"https:\/\/oriaapp.com\/fr\/?s={search_term_string}"},"query-input":{"@type":"PropertyValueSpecification","valueRequired":true,"valueName":"search_term_string"}}],"inLanguage":"fr-FR"},{"@type":"Organization","@id":"https:\/\/oriaapp.com\/fr\/#organization","name":"ORIA APP","url":"https:\/\/oriaapp.com\/fr\/","logo":{"@type":"ImageObject","inLanguage":"fr-FR","@id":"https:\/\/oriaapp.com\/fr\/#\/schema\/logo\/image\/","url":"https:\/\/oriaapp.com\/wp-content\/uploads\/2024\/07\/Group_2_1_1-1.webp","contentUrl":"https:\/\/oriaapp.com\/wp-content\/uploads\/2024\/07\/Group_2_1_1-1.webp","width":438,"height":174,"caption":"ORIA APP"},"image":{"@id":"https:\/\/oriaapp.com\/fr\/#\/schema\/logo\/image\/"}}]}},"_links":{"self":[{"href":"https:\/\/oriaapp.com\/fr\/wp-json\/wp\/v2\/pages\/1243","targetHints":{"allow":["GET"]}}],"collection":[{"href":"https:\/\/oriaapp.com\/fr\/wp-json\/wp\/v2\/pages"}],"about":[{"href":"https:\/\/oriaapp.com\/fr\/wp-json\/wp\/v2\/types\/page"}],"author":[{"embeddable":true,"href":"https:\/\/oriaapp.com\/fr\/wp-json\/wp\/v2\/users\/4"}],"replies":[{"embeddable":true,"href":"https:\/\/oriaapp.com\/fr\/wp-json\/wp\/v2\/comments?post=1243"}],"version-history":[{"count":1,"href":"https:\/\/oriaapp.com\/fr\/wp-json\/wp\/v2\/pages\/1243\/revisions"}],"predecessor-version":[{"id":1244,"href":"https:\/\/oriaapp.com\/fr\/wp-json\/wp\/v2\/pages\/1243\/revisions\/1244"}],"wp:attachment":[{"href":"https:\/\/oriaapp.com\/fr\/wp-json\/wp\/v2\/media?parent=1243"}],"curies":[{"name":"wp","href":"https:\/\/api.w.org\/{rel}","templated":true}]}}